{"id":225,"date":"2024-02-25T21:03:02","date_gmt":"2024-02-25T20:03:02","guid":{"rendered":"https:\/\/espritcirk.com\/?page_id=225"},"modified":"2024-06-08T16:47:39","modified_gmt":"2024-06-08T14:47:39","slug":"trapeze-volant","status":"publish","type":"page","link":"https:\/\/espritcirk.com\/index.php\/trapeze-volant\/","title":{"rendered":"Trap\u00e8ze Volant"},"content":{"rendered":"\t\t<div data-elementor-type=\"wp-page\" data-elementor-id=\"225\" class=\"elementor elementor-225\" data-elementor-post-type=\"page\">\n\t\t\t\t<div class=\"elementor-element elementor-element-7be366f e-flex e-con-boxed e-con e-parent\" data-id=\"7be366f\" data-element_type=\"container\" data-settings=\"{&quot;content_width&quot;:&quot;boxed&quot;}\" data-core-v316-plus=\"true\">\n\t\t\t\t\t<div class=\"e-con-inner\">\n\t\t<div class=\"elementor-element elementor-element-59c4f82 e-con-full e-flex e-con e-child\" data-id=\"59c4f82\" data-element_type=\"container\" data-settings=\"{&quot;content_width&quot;:&quot;full&quot;}\">\n\t\t\t\t<\/div>\n\t\t<div class=\"elementor-element elementor-element-c6b801c e-con-full e-flex e-con e-child\" data-id=\"c6b801c\" data-element_type=\"container\" data-settings=\"{&quot;content_width&quot;:&quot;full&quot;}\">\n\t\t\t\t<\/div>\n\t\t\t\t\t<\/div>\n\t\t\t\t<\/div>\n\t\t<div class=\"elementor-element elementor-element-5220c50 e-flex e-con-boxed e-con e-parent\" data-id=\"5220c50\" data-element_type=\"container\" data-settings=\"{&quot;content_width&quot;:&quot;boxed&quot;}\" data-core-v316-plus=\"true\">\n\t\t\t\t\t<div class=\"e-con-inner\">\n\t\t<div class=\"elementor-element elementor-element-1a83feb e-con-full e-flex e-con e-child\" data-id=\"1a83feb\" data-element_type=\"container\" data-settings=\"{&quot;content_width&quot;:&quot;full&quot;,&quot;background_background&quot;:&quot;classic&quot;}\">\n\t\t\t\t<\/div>\n\t\t<div class=\"elementor-element elementor-element-2d3deec e-con-full e-flex e-con e-child\" data-id=\"2d3deec\" data-element_type=\"container\" data-settings=\"{&quot;content_width&quot;:&quot;full&quot;}\">\n\t\t\t\t<div class=\"elementor-element elementor-element-12ab8d8 elementor-widget elementor-widget-heading\" data-id=\"12ab8d8\" data-element_type=\"widget\" data-widget_type=\"heading.default\">\n\t\t\t\t<div class=\"elementor-widget-container\">\n\t\t\t<style>\/*! elementor - v3.19.0 - 29-01-2024 *\/\n.elementor-heading-title{padding:0;margin:0;line-height:1}.elementor-widget-heading .elementor-heading-title[class*=elementor-size-]>a{color:inherit;font-size:inherit;line-height:inherit}.elementor-widget-heading .elementor-heading-title.elementor-size-small{font-size:15px}.elementor-widget-heading .elementor-heading-title.elementor-size-medium{font-size:19px}.elementor-widget-heading .elementor-heading-title.elementor-size-large{font-size:29px}.elementor-widget-heading .elementor-heading-title.elementor-size-xl{font-size:39px}.elementor-widget-heading .elementor-heading-title.elementor-size-xxl{font-size:59px}<\/style><h2 class=\"elementor-heading-title elementor-size-default\">Trap\u00e8ze Volant<\/h2>\t\t<\/div>\n\t\t\t\t<\/div>\n\t\t\t\t<div class=\"elementor-element elementor-element-50f4a06 elementor-widget elementor-widget-text-editor\" data-id=\"50f4a06\" data-element_type=\"widget\" data-widget_type=\"text-editor.default\">\n\t\t\t\t<div class=\"elementor-widget-container\">\n\t\t\t<style>\/*! elementor - v3.19.0 - 29-01-2024 *\/\n.elementor-widget-text-editor.elementor-drop-cap-view-stacked .elementor-drop-cap{background-color:#69727d;color:#fff}.elementor-widget-text-editor.elementor-drop-cap-view-framed .elementor-drop-cap{color:#69727d;border:3px solid;background-color:transparent}.elementor-widget-text-editor:not(.elementor-drop-cap-view-default) .elementor-drop-cap{margin-top:8px}.elementor-widget-text-editor:not(.elementor-drop-cap-view-default) .elementor-drop-cap-letter{width:1em;height:1em}.elementor-widget-text-editor .elementor-drop-cap{float:left;text-align:center;line-height:1;font-size:50px}.elementor-widget-text-editor .elementor-drop-cap-letter{display:inline-block}<\/style>\t\t\t\t<p>Venez d\u00e9couvrir les sensations de la voltige !<\/p><p>\u00a0<\/p><p>\u00a0<\/p>\t\t\t\t\t\t<\/div>\n\t\t\t\t<\/div>\n\t\t\t\t<\/div>\n\t\t<div class=\"elementor-element elementor-element-8932e77 e-con-full e-flex e-con e-child\" data-id=\"8932e77\" data-element_type=\"container\" data-settings=\"{&quot;content_width&quot;:&quot;full&quot;,&quot;background_background&quot;:&quot;classic&quot;}\">\n\t\t\t\t<\/div>\n\t\t\t\t\t<\/div>\n\t\t\t\t<\/div>\n\t\t<div class=\"elementor-element elementor-element-cc5188d e-flex e-con-boxed e-con e-parent\" data-id=\"cc5188d\" data-element_type=\"container\" data-settings=\"{&quot;content_width&quot;:&quot;boxed&quot;}\" data-core-v316-plus=\"true\">\n\t\t\t\t\t<div class=\"e-con-inner\">\n\t\t<div class=\"elementor-element elementor-element-62e70f5 e-con-full e-flex e-con e-child\" data-id=\"62e70f5\" data-element_type=\"container\" data-settings=\"{&quot;content_width&quot;:&quot;full&quot;}\">\n\t\t\t\t<div class=\"elementor-element elementor-element-8c2c71a elementor-widget elementor-widget-heading\" data-id=\"8c2c71a\" data-element_type=\"widget\" data-widget_type=\"heading.default\">\n\t\t\t\t<div class=\"elementor-widget-container\">\n\t\t\t<h2 class=\"elementor-heading-title elementor-size-default\">Page en Construction<\/h2>\t\t<\/div>\n\t\t\t\t<\/div>\n\t\t\t\t<div class=\"elementor-element elementor-element-e48cdd8 elementor-widget elementor-widget-text-editor\" data-id=\"e48cdd8\" data-element_type=\"widget\" data-widget_type=\"text-editor.default\">\n\t\t\t\t<div class=\"elementor-widget-container\">\n\t\t\t\t\t\t\t\t\t\t\t\t\t<\/div>\n\t\t\t\t<\/div>\n\t\t\t\t<\/div>\n\t\t<div class=\"elementor-element elementor-element-d27244f e-con-full e-flex e-con e-child\" data-id=\"d27244f\" data-element_type=\"container\" data-settings=\"{&quot;content_width&quot;:&quot;full&quot;,&quot;background_background&quot;:&quot;classic&quot;,&quot;motion_fx_motion_fx_scrolling&quot;:&quot;yes&quot;,&quot;motion_fx_translateX_effect&quot;:&quot;yes&quot;,&quot;motion_fx_translateX_speed&quot;:{&quot;unit&quot;:&quot;px&quot;,&quot;size&quot;:0.6,&quot;sizes&quot;:[]},&quot;motion_fx_translateX_affectedRange&quot;:{&quot;unit&quot;:&quot;%&quot;,&quot;size&quot;:&quot;&quot;,&quot;sizes&quot;:{&quot;start&quot;:0,&quot;end&quot;:100}},&quot;motion_fx_devices&quot;:[&quot;desktop&quot;,&quot;tablet&quot;,&quot;mobile&quot;]}\">\n\t\t\t\t<div class=\"elementor-element elementor-element-ff12381 elementor-widget elementor-widget-image\" data-id=\"ff12381\" data-element_type=\"widget\" data-widget_type=\"image.default\">\n\t\t\t\t<div class=\"elementor-widget-container\">\n\t\t\t<style>\/*! elementor - v3.19.0 - 29-01-2024 *\/\n.elementor-widget-image{text-align:center}.elementor-widget-image a{display:inline-block}.elementor-widget-image a img[src$=\".svg\"]{width:48px}.elementor-widget-image img{vertical-align:middle;display:inline-block}<\/style>\t\t\t\t\t\t\t\t\t\t<img fetchpriority=\"high\" decoding=\"async\" width=\"800\" height=\"534\" src=\"https:\/\/espritcirk.com\/wp-content\/uploads\/2024\/02\/achards_27072022_sbourcier__078-1024x683.jpg\" class=\"attachment-large size-large wp-image-227\" alt=\"\" srcset=\"https:\/\/espritcirk.com\/wp-content\/uploads\/2024\/02\/achards_27072022_sbourcier__078-1024x683.jpg 1024w, https:\/\/espritcirk.com\/wp-content\/uploads\/2024\/02\/achards_27072022_sbourcier__078-300x200.jpg 300w, https:\/\/espritcirk.com\/wp-content\/uploads\/2024\/02\/achards_27072022_sbourcier__078-768x512.jpg 768w, https:\/\/espritcirk.com\/wp-content\/uploads\/2024\/02\/achards_27072022_sbourcier__078.jpg 1499w\" sizes=\"(max-width: 800px) 100vw, 800px\" \/>\t\t\t\t\t\t\t\t\t\t\t\t\t<\/div>\n\t\t\t\t<\/div>\n\t\t\t\t<\/div>\n\t\t<div class=\"elementor-element elementor-element-3a90b11 e-con-full e-flex e-con e-child\" data-id=\"3a90b11\" data-element_type=\"container\" data-settings=\"{&quot;content_width&quot;:&quot;full&quot;}\">\n\t\t\t\t<\/div>\n\t\t\t\t\t<\/div>\n\t\t\t\t<\/div>\n\t\t\t\t<\/div>\n\t\t","protected":false},"excerpt":{"rendered":"<p>Trap\u00e8ze Volant Venez d\u00e9couvrir les sensations de la voltige ! \u00a0 \u00a0 Page en Construction<\/p>\n","protected":false},"author":1,"featured_media":0,"parent":0,"menu_order":0,"comment_status":"closed","ping_status":"closed","template":"elementor_header_footer","meta":{"footnotes":""},"yoast_head":"<!-- This site is optimized with the Yoast SEO plugin v22.8 - https:\/\/yoast.com\/wordpress\/plugins\/seo\/ -->\n<title>Trap\u00e8ze Volant - Esprit Cirk<\/title>\n<meta name=\"description\" content=\"Activit\u00e9 insolite et sensationnelle, esprit cirk, \u00e9cole de cirque en vend\u00e9e propose des s\u00e9ances de trap\u00e8ze volant\" \/>\n<meta name=\"robots\" content=\"index, follow, max-snippet:-1, max-image-preview:large, max-video-preview:-1\" \/>\n<link rel=\"canonical\" href=\"https:\/\/espritcirk.com\/index.php\/trapeze-volant\/\" \/>\n<meta property=\"og:locale\" content=\"fr_FR\" \/>\n<meta property=\"og:type\" content=\"article\" \/>\n<meta property=\"og:title\" content=\"Trap\u00e8ze Volant - Esprit Cirk\" \/>\n<meta property=\"og:description\" content=\"Activit\u00e9 insolite et sensationnelle, esprit cirk, \u00e9cole de cirque en vend\u00e9e propose des s\u00e9ances de trap\u00e8ze volant\" \/>\n<meta property=\"og:url\" content=\"https:\/\/espritcirk.com\/index.php\/trapeze-volant\/\" \/>\n<meta property=\"og:site_name\" content=\"Esprit Cirk\" \/>\n<meta property=\"article:modified_time\" content=\"2024-06-08T14:47:39+00:00\" \/>\n<meta property=\"og:image\" content=\"https:\/\/espritcirk.com\/wp-content\/uploads\/2024\/02\/achards_27072022_sbourcier__078-1024x683.jpg\" \/>\n<meta name=\"twitter:card\" content=\"summary_large_image\" \/>\n<meta name=\"twitter:label1\" content=\"Dur\u00e9e de lecture estim\u00e9e\" \/>\n\t<meta name=\"twitter:data1\" content=\"1 minute\" \/>\n<script type=\"application\/ld+json\" class=\"yoast-schema-graph\">{\"@context\":\"https:\/\/schema.org\",\"@graph\":[{\"@type\":\"WebPage\",\"@id\":\"https:\/\/espritcirk.com\/index.php\/trapeze-volant\/\",\"url\":\"https:\/\/espritcirk.com\/index.php\/trapeze-volant\/\",\"name\":\"Trap\u00e8ze Volant - Esprit Cirk\",\"isPartOf\":{\"@id\":\"https:\/\/espritcirk.com\/#website\"},\"primaryImageOfPage\":{\"@id\":\"https:\/\/espritcirk.com\/index.php\/trapeze-volant\/#primaryimage\"},\"image\":{\"@id\":\"https:\/\/espritcirk.com\/index.php\/trapeze-volant\/#primaryimage\"},\"thumbnailUrl\":\"https:\/\/espritcirk.com\/wp-content\/uploads\/2024\/02\/achards_27072022_sbourcier__078-1024x683.jpg\",\"datePublished\":\"2024-02-25T20:03:02+00:00\",\"dateModified\":\"2024-06-08T14:47:39+00:00\",\"description\":\"Activit\u00e9 insolite et sensationnelle, esprit cirk, \u00e9cole de cirque en vend\u00e9e propose des s\u00e9ances de trap\u00e8ze volant\",\"breadcrumb\":{\"@id\":\"https:\/\/espritcirk.com\/index.php\/trapeze-volant\/#breadcrumb\"},\"inLanguage\":\"fr-FR\",\"potentialAction\":[{\"@type\":\"ReadAction\",\"target\":[\"https:\/\/espritcirk.com\/index.php\/trapeze-volant\/\"]}]},{\"@type\":\"ImageObject\",\"inLanguage\":\"fr-FR\",\"@id\":\"https:\/\/espritcirk.com\/index.php\/trapeze-volant\/#primaryimage\",\"url\":\"https:\/\/espritcirk.com\/wp-content\/uploads\/2024\/02\/achards_27072022_sbourcier__078.jpg\",\"contentUrl\":\"https:\/\/espritcirk.com\/wp-content\/uploads\/2024\/02\/achards_27072022_sbourcier__078.jpg\",\"width\":1499,\"height\":1000},{\"@type\":\"BreadcrumbList\",\"@id\":\"https:\/\/espritcirk.com\/index.php\/trapeze-volant\/#breadcrumb\",\"itemListElement\":[{\"@type\":\"ListItem\",\"position\":1,\"name\":\"Accueil\",\"item\":\"https:\/\/espritcirk.com\/\"},{\"@type\":\"ListItem\",\"position\":2,\"name\":\"Trap\u00e8ze Volant\"}]},{\"@type\":\"WebSite\",\"@id\":\"https:\/\/espritcirk.com\/#website\",\"url\":\"https:\/\/espritcirk.com\/\",\"name\":\"Esprit Cirk\",\"description\":\"\",\"publisher\":{\"@id\":\"https:\/\/espritcirk.com\/#organization\"},\"potentialAction\":[{\"@type\":\"SearchAction\",\"target\":{\"@type\":\"EntryPoint\",\"urlTemplate\":\"https:\/\/espritcirk.com\/?s={search_term_string}\"},\"query-input\":\"required name=search_term_string\"}],\"inLanguage\":\"fr-FR\"},{\"@type\":\"Organization\",\"@id\":\"https:\/\/espritcirk.com\/#organization\",\"name\":\"Esprit Cirk\",\"url\":\"https:\/\/espritcirk.com\/\",\"logo\":{\"@type\":\"ImageObject\",\"inLanguage\":\"fr-FR\",\"@id\":\"https:\/\/espritcirk.com\/#\/schema\/logo\/image\/\",\"url\":\"https:\/\/espritcirk.com\/wp-content\/uploads\/2024\/02\/logo-esprit-cirk.png\",\"contentUrl\":\"https:\/\/espritcirk.com\/wp-content\/uploads\/2024\/02\/logo-esprit-cirk.png\",\"width\":500,\"height\":500,\"caption\":\"Esprit Cirk\"},\"image\":{\"@id\":\"https:\/\/espritcirk.com\/#\/schema\/logo\/image\/\"}}]}<\/script>\n<!-- \/ Yoast SEO plugin. -->","yoast_head_json":{"title":"Trap\u00e8ze Volant - Esprit Cirk","description":"Activit\u00e9 insolite et sensationnelle, esprit cirk, \u00e9cole de cirque en vend\u00e9e propose des s\u00e9ances de trap\u00e8ze volant","robots":{"index":"index","follow":"follow","max-snippet":"max-snippet:-1","max-image-preview":"max-image-preview:large","max-video-preview":"max-video-preview:-1"},"canonical":"https:\/\/espritcirk.com\/index.php\/trapeze-volant\/","og_locale":"fr_FR","og_type":"article","og_title":"Trap\u00e8ze Volant - Esprit Cirk","og_description":"Activit\u00e9 insolite et sensationnelle, esprit cirk, \u00e9cole de cirque en vend\u00e9e propose des s\u00e9ances de trap\u00e8ze volant","og_url":"https:\/\/espritcirk.com\/index.php\/trapeze-volant\/","og_site_name":"Esprit Cirk","article_modified_time":"2024-06-08T14:47:39+00:00","og_image":[{"url":"https:\/\/espritcirk.com\/wp-content\/uploads\/2024\/02\/achards_27072022_sbourcier__078-1024x683.jpg"}],"twitter_card":"summary_large_image","twitter_misc":{"Dur\u00e9e de lecture estim\u00e9e":"1 minute"},"schema":{"@context":"https:\/\/schema.org","@graph":[{"@type":"WebPage","@id":"https:\/\/espritcirk.com\/index.php\/trapeze-volant\/","url":"https:\/\/espritcirk.com\/index.php\/trapeze-volant\/","name":"Trap\u00e8ze Volant - Esprit Cirk","isPartOf":{"@id":"https:\/\/espritcirk.com\/#website"},"primaryImageOfPage":{"@id":"https:\/\/espritcirk.com\/index.php\/trapeze-volant\/#primaryimage"},"image":{"@id":"https:\/\/espritcirk.com\/index.php\/trapeze-volant\/#primaryimage"},"thumbnailUrl":"https:\/\/espritcirk.com\/wp-content\/uploads\/2024\/02\/achards_27072022_sbourcier__078-1024x683.jpg","datePublished":"2024-02-25T20:03:02+00:00","dateModified":"2024-06-08T14:47:39+00:00","description":"Activit\u00e9 insolite et sensationnelle, esprit cirk, \u00e9cole de cirque en vend\u00e9e propose des s\u00e9ances de trap\u00e8ze volant","breadcrumb":{"@id":"https:\/\/espritcirk.com\/index.php\/trapeze-volant\/#breadcrumb"},"inLanguage":"fr-FR","potentialAction":[{"@type":"ReadAction","target":["https:\/\/espritcirk.com\/index.php\/trapeze-volant\/"]}]},{"@type":"ImageObject","inLanguage":"fr-FR","@id":"https:\/\/espritcirk.com\/index.php\/trapeze-volant\/#primaryimage","url":"https:\/\/espritcirk.com\/wp-content\/uploads\/2024\/02\/achards_27072022_sbourcier__078.jpg","contentUrl":"https:\/\/espritcirk.com\/wp-content\/uploads\/2024\/02\/achards_27072022_sbourcier__078.jpg","width":1499,"height":1000},{"@type":"BreadcrumbList","@id":"https:\/\/espritcirk.com\/index.php\/trapeze-volant\/#breadcrumb","itemListElement":[{"@type":"ListItem","position":1,"name":"Accueil","item":"https:\/\/espritcirk.com\/"},{"@type":"ListItem","position":2,"name":"Trap\u00e8ze Volant"}]},{"@type":"WebSite","@id":"https:\/\/espritcirk.com\/#website","url":"https:\/\/espritcirk.com\/","name":"Esprit Cirk","description":"","publisher":{"@id":"https:\/\/espritcirk.com\/#organization"},"potentialAction":[{"@type":"SearchAction","target":{"@type":"EntryPoint","urlTemplate":"https:\/\/espritcirk.com\/?s={search_term_string}"},"query-input":"required name=search_term_string"}],"inLanguage":"fr-FR"},{"@type":"Organization","@id":"https:\/\/espritcirk.com\/#organization","name":"Esprit Cirk","url":"https:\/\/espritcirk.com\/","logo":{"@type":"ImageObject","inLanguage":"fr-FR","@id":"https:\/\/espritcirk.com\/#\/schema\/logo\/image\/","url":"https:\/\/espritcirk.com\/wp-content\/uploads\/2024\/02\/logo-esprit-cirk.png","contentUrl":"https:\/\/espritcirk.com\/wp-content\/uploads\/2024\/02\/logo-esprit-cirk.png","width":500,"height":500,"caption":"Esprit Cirk"},"image":{"@id":"https:\/\/espritcirk.com\/#\/schema\/logo\/image\/"}}]}},"_links":{"self":[{"href":"https:\/\/espritcirk.com\/index.php\/wp-json\/wp\/v2\/pages\/225"}],"collection":[{"href":"https:\/\/espritcirk.com\/index.php\/wp-json\/wp\/v2\/pages"}],"about":[{"href":"https:\/\/espritcirk.com\/index.php\/wp-json\/wp\/v2\/types\/page"}],"author":[{"embeddable":true,"href":"https:\/\/espritcirk.com\/index.php\/wp-json\/wp\/v2\/users\/1"}],"replies":[{"embeddable":true,"href":"https:\/\/espritcirk.com\/index.php\/wp-json\/wp\/v2\/comments?post=225"}],"version-history":[{"count":13,"href":"https:\/\/espritcirk.com\/index.php\/wp-json\/wp\/v2\/pages\/225\/revisions"}],"predecessor-version":[{"id":435,"href":"https:\/\/espritcirk.com\/index.php\/wp-json\/wp\/v2\/pages\/225\/revisions\/435"}],"wp:attachment":[{"href":"https:\/\/espritcirk.com\/index.php\/wp-json\/wp\/v2\/media?parent=225"}],"curies":[{"name":"wp","href":"https:\/\/api.w.org\/{rel}","templated":true}]}}